{"id":17,"date":"2023-03-24T11:12:07","date_gmt":"2023-03-24T11:12:07","guid":{"rendered":"http:\/\/prinpetals.scitec.cnr.it\/?page_id=17"},"modified":"2023-04-28T12:55:48","modified_gmt":"2023-04-28T12:55:48","slug":"partners","status":"publish","type":"page","link":"https:\/\/prinpetals.scitec.cnr.it\/index.php\/partners\/","title":{"rendered":"Partners"},"content":{"rendered":"<p style=\"text-align: center;\"><span style=\"color: #000000;\">Here you can find our partners<\/span><\/p>\n<p>&nbsp;<\/p>\n<p style=\"text-align: center;\">\n\t<div class=\"gs_logo_area gs_logo_area_1 list1\" style=\"opacity: 0; visibility: hidden;\">\n\t\t<div class=\"gs_logo_area--inner\">\n\n\t\t\t\n<div class=\"gs_logo_container gs_logo_container_list\">\n\n\t\n\t\t\n\t\t\t<div class=\"gs_logo_single--wrapper\">\n\t\t\t\t<div class=\"gs_logo_single\">\n\t\t\t\t\t\n\t\t\t\t\t<div class=\"gs_logo--image-area\">\n\t\t\t\t\t\t<!-- Logo Image -->\n\t\t\t\t\t\t<img loading=\"lazy\" decoding=\"async\" width=\"649\" height=\"313\" src=\"https:\/\/prinpetals.scitec.cnr.it\/wp-content\/uploads\/2023\/04\/UPO.jpg\" class=\"gs-logo--img no-lazy wp-post-image\" alt=\"\" title=\"UPO\" srcset=\"https:\/\/prinpetals.scitec.cnr.it\/wp-content\/uploads\/2023\/04\/UPO.jpg 649w, https:\/\/prinpetals.scitec.cnr.it\/wp-content\/uploads\/2023\/04\/UPO-300x145.jpg 300w, https:\/\/prinpetals.scitec.cnr.it\/wp-content\/uploads\/2023\/04\/UPO-570x275.jpg 570w\" sizes=\"auto, (max-width: 649px) 100vw, 649px\" \/>\t\t\t\t\t<\/div>\n\n\t\t\t\t\t<div class=\"gs_logo--details-area\">\n\t\t\t\t\t\t<!-- Logo Title -->\n\t\t\t\t\t\t\t\t\t\t\t\t<!-- Logo Category -->\n\t\t\t\t\t\t\t\t\t\t\t\t<!-- Logo Details -->\n\t\t\t\t\t\t\n<div class=\"gs-logo-details justify\"><p>Descrizione Universit\u00e0 del Piemonte Orientale &#8230; IN COSTRUZIONE &#8230;. Descrizione Universit\u00e0 del Piemonte Orientale &#8230; IN COSTRUZIONE &#8230;. Descrizione Universit\u00e0 del Piemonte Orientale &#8230; IN COSTRUZIONE &#8230;. Descrizione Universit\u00e0 del Piemonte Orientale &#8230; IN COSTRUZIONE &#8230;. Descrizione Universit\u00e0 del Piemonte Orientale &#8230; IN COSTRUZIONE &#8230;. Descrizione Universit\u00e0 del Piemonte Orientale &#8230; IN COSTRUZIONE &#8230;. Descrizione Universit\u00e0 del Piemonte Orientale &#8230; IN COSTRUZIONE &#8230;. Descrizione Universit\u00e0 del Piemonte Orientale &#8230; IN COSTRUZIONE &#8230;. Descrizione Universit\u00e0 del Piemonte Orientale &#8230; IN COSTRUZIONE &#8230;. Descrizione Universit\u00e0 del Piemonte Orientale &#8230; IN COSTRUZIONE &#8230;. Descrizione Universit\u00e0 del Piemonte Orientale &#8230; IN COSTRUZIONE &#8230;. Descrizione Universit\u00e0 del Piemonte Orientale &#8230; IN COSTRUZIONE &#8230;. Descrizione Universit\u00e0 del Piemonte Orientale &#8230; IN COSTRUZIONE &#8230;. Descrizione Universit\u00e0 del Piemonte Orientale &#8230; IN COSTRUZIONE &#8230;. Descrizione Universit\u00e0 del Piemonte Orientale &#8230; IN COSTRUZIONE &#8230;. Descrizione Universit\u00e0 del Piemonte Orientale &#8230; IN COSTRUZIONE &#8230;. Descrizione Universit\u00e0 del Piemonte Orientale &#8230; IN COSTRUZIONE &#8230;. Descrizione Universit\u00e0 del Piemonte Orientale &#8230; IN COSTRUZIONE &#8230;. Descrizione Universit\u00e0 del Piemonte Orientale &#8230; IN COSTRUZIONE &#8230;. Descrizione Universit\u00e0 del Piemonte Orientale &#8230; IN COSTRUZIONE &#8230;. Descrizione Universit\u00e0 del Piemonte Orientale &#8230; IN COSTRUZIONE &#8230;.<\/p>\n<\/div>\t\t\t\t\t<\/div>\n\n\t\t\t\t<\/div>\n\t\t\t<\/div>\n\n\t\t\n\t\t\t<div class=\"gs_logo_single--wrapper\">\n\t\t\t\t<div class=\"gs_logo_single\">\n\t\t\t\t\t\n\t\t\t\t\t<div class=\"gs_logo--image-area\">\n\t\t\t\t\t\t<!-- Logo Image -->\n\t\t\t\t\t\t<a href=\"https:\/\/www.inrim.it\/it\" target=\"_blank\" rel=\"noopener\"><img loading=\"lazy\" decoding=\"async\" width=\"1110\" height=\"388\" src=\"https:\/\/prinpetals.scitec.cnr.it\/wp-content\/uploads\/2023\/04\/inrim-1110x388.png\" class=\"gs-logo--img no-lazy wp-post-image\" alt=\"\" title=\"INRIM\" \/><\/a>\t\t\t\t\t<\/div>\n\n\t\t\t\t\t<div class=\"gs_logo--details-area\">\n\t\t\t\t\t\t<!-- Logo Title -->\n\t\t\t\t\t\t\t\t\t\t\t\t<!-- Logo Category -->\n\t\t\t\t\t\t\t\t\t\t\t\t<!-- Logo Details -->\n\t\t\t\t\t\t\n<div class=\"gs-logo-details justify\"><p>Descrizione Istituto Nazionale di Ricerca Metrologica &#8230; PAGINA IN COSTRUZIONE &#8230; Descrizione Istituto Nazionale di Ricerca Metrologica &#8230; PAGINA IN COSTRUZIONE &#8230; Descrizione Istituto Nazionale di Ricerca Metrologica &#8230; PAGINA IN COSTRUZIONE &#8230; Descrizione Istituto Nazionale di Ricerca Metrologica &#8230; PAGINA IN COSTRUZIONE &#8230; Descrizione Istituto Nazionale di Ricerca Metrologica &#8230; PAGINA IN COSTRUZIONE &#8230; Descrizione Istituto Nazionale di Ricerca Metrologica &#8230; PAGINA IN COSTRUZIONE &#8230; Descrizione Istituto Nazionale di Ricerca Metrologica &#8230; PAGINA IN COSTRUZIONE &#8230; Descrizione Istituto Nazionale di Ricerca Metrologica &#8230; PAGINA IN COSTRUZIONE &#8230;<\/p>\n<p>Descrizione Istituto Nazionale di Ricerca Metrologica &#8230; PAGINA IN COSTRUZIONE &#8230; Descrizione Istituto Nazionale di Ricerca Metrologica &#8230; PAGINA IN COSTRUZIONE &#8230; Descrizione Istituto Nazionale di Ricerca Metrologica &#8230; PAGINA IN COSTRUZIONE &#8230;<\/p>\n<\/div>\t\t\t\t\t<\/div>\n\n\t\t\t\t<\/div>\n\t\t\t<\/div>\n\n\t\t\n\t\t\t<div class=\"gs_logo_single--wrapper\">\n\t\t\t\t<div class=\"gs_logo_single\">\n\t\t\t\t\t\n\t\t\t\t\t<div class=\"gs_logo--image-area\">\n\t\t\t\t\t\t<!-- Logo Image -->\n\t\t\t\t\t\t<a href=\"https:\/\/www.unibo.it\/it\" target=\"_blank\" rel=\"noopener\"><img loading=\"lazy\" decoding=\"async\" width=\"798\" height=\"444\" src=\"https:\/\/prinpetals.scitec.cnr.it\/wp-content\/uploads\/2023\/04\/ALMA-798x444.png\" class=\"gs-logo--img no-lazy wp-post-image\" alt=\"\" title=\"Alma Mater\" \/><\/a>\t\t\t\t\t<\/div>\n\n\t\t\t\t\t<div class=\"gs_logo--details-area\">\n\t\t\t\t\t\t<!-- Logo Title -->\n\t\t\t\t\t\t\t\t\t\t\t\t<!-- Logo Category -->\n\t\t\t\t\t\t\t\t\t\t\t\t<!-- Logo Details -->\n\t\t\t\t\t\t\n<div class=\"gs-logo-details justify\"><p>Descrizione Alma Mater &#8211; Universit\u00e0 di Bologna &#8230; PAGINA IN COSTRUZIONE &#8230;.. Descrizione Alma Mater &#8211; Universit\u00e0 di Bologna &#8230; PAGINA IN COSTRUZIONE &#8230;.. Descrizione Alma Mater &#8211; Universit\u00e0 di Bologna &#8230; PAGINA IN COSTRUZIONE &#8230;.. Descrizione Alma Mater &#8211; Universit\u00e0 di Bologna &#8230; PAGINA IN COSTRUZIONE &#8230;.. Descrizione Alma Mater &#8211; Universit\u00e0 di Bologna &#8230; PAGINA IN COSTRUZIONE &#8230;.. Descrizione Alma Mater &#8211; Universit\u00e0 di Bologna &#8230; PAGINA IN COSTRUZIONE &#8230;.. Descrizione Alma Mater &#8211; Universit\u00e0 di Bologna &#8230; PAGINA IN COSTRUZIONE &#8230;..<\/p>\n<p>Descrizione Alma Mater &#8211; Universit\u00e0 di Bologna &#8230; PAGINA IN COSTRUZIONE &#8230;.. Descrizione Alma Mater &#8211; Universit\u00e0 di Bologna &#8230; PAGINA IN COSTRUZIONE &#8230;.. Descrizione Alma Mater &#8211; Universit\u00e0 di Bologna &#8230; PAGINA IN COSTRUZIONE &#8230;.. Descrizione Alma Mater &#8211; Universit\u00e0 di Bologna &#8230; PAGINA IN COSTRUZIONE &#8230;.. Descrizione Alma Mater &#8211; Universit\u00e0 di Bologna &#8230; PAGINA IN COSTRUZIONE &#8230;.. Descrizione Alma Mater &#8211; Universit\u00e0 di Bologna &#8230; PAGINA IN COSTRUZIONE &#8230;.. Descrizione Alma Mater &#8211; Universit\u00e0 di Bologna &#8230; PAGINA IN COSTRUZIONE &#8230;.. Descrizione Alma Mater &#8211; Universit\u00e0 di Bologna &#8230; PAGINA IN COSTRUZIONE &#8230;..<\/p>\n<\/div>\t\t\t\t\t<\/div>\n\n\t\t\t\t<\/div>\n\t\t\t<\/div>\n\n\t\t\n\t\t\t<div class=\"gs_logo_single--wrapper\">\n\t\t\t\t<div class=\"gs_logo_single\">\n\t\t\t\t\t\n\t\t\t\t\t<div class=\"gs_logo--image-area\">\n\t\t\t\t\t\t<!-- Logo Image -->\n\t\t\t\t\t\t<a href=\"http:\/\/www.scitec.cnr.it\/\" target=\"_blank\" rel=\"noopener\"><img loading=\"lazy\" decoding=\"async\" width=\"806\" height=\"331\" src=\"https:\/\/prinpetals.scitec.cnr.it\/wp-content\/uploads\/2023\/04\/SCITEC.png\" class=\"gs-logo--img no-lazy wp-post-image\" alt=\"\" title=\"SCITEC\" srcset=\"https:\/\/prinpetals.scitec.cnr.it\/wp-content\/uploads\/2023\/04\/SCITEC.png 806w, https:\/\/prinpetals.scitec.cnr.it\/wp-content\/uploads\/2023\/04\/SCITEC-300x123.png 300w, https:\/\/prinpetals.scitec.cnr.it\/wp-content\/uploads\/2023\/04\/SCITEC-768x315.png 768w, https:\/\/prinpetals.scitec.cnr.it\/wp-content\/uploads\/2023\/04\/SCITEC-570x234.png 570w\" sizes=\"auto, (max-width: 806px) 100vw, 806px\" \/><\/a>\t\t\t\t\t<\/div>\n\n\t\t\t\t\t<div class=\"gs_logo--details-area\">\n\t\t\t\t\t\t<!-- Logo Title -->\n\t\t\t\t\t\t\t\t\t\t\t\t<!-- Logo Category -->\n\t\t\t\t\t\t\t\t\t\t\t\t<!-- Logo Details -->\n\t\t\t\t\t\t\n<div class=\"gs-logo-details justify\"><p>The National Research Council Institute of Chemical Sciences and Technologies \u201cGiulio Natta\u201d (CNR-SCITEC), was founded in 2019 and is located in Milan, Genoa, Rome and Perugia. CNR-SCITEC presents multifaceted expertise: molecular and macromolecular chemistry, biochemistry, physics, computational modelling and processing technologies, covering basic science, materials design, prototyping and characterization at the nano, micro and macroscale. New approaches to molecules, novel (bio)polymeric systems, supramolecular structures and nanosystems with tailored specific functions and properties for applications in the areas of biorefineries, agri-food and food-packaging, pharma-med, tires and automotive, photonics and optoelectronics, hydrogen production and energy harvesting, cultural heritage are developed and exploited. The Institute brings about many research projects and has many interactions with national and international research Institutions both on fundamental and applied research activities. Technology transfer and support to national and international industries are provided by several laboratories dedicated to the analysis and solution of industrial problems. An internal organization of Third Mission is dedicated to conception, support, dissemination and evaluation of activities developed within research and third mission itself through an ad hoc communication model.<\/p>\n<p>&nbsp;<\/p>\n<p>For more info: <a href=\"http:\/\/www.scitec.cnr.it\/\" target=\"_blank\" rel=\"noopener\"><strong>http:\/\/www.scitec.cnr.it\/<\/strong><\/a><\/p>\n<\/div>\t\t\t\t\t<\/div>\n\n\t\t\t\t<\/div>\n\t\t\t<\/div>\n\n\t\t\n\t\t\t<div class=\"gs_logo_single--wrapper\">\n\t\t\t\t<div class=\"gs_logo_single\">\n\t\t\t\t\t\n\t\t\t\t\t<div class=\"gs_logo--image-area\">\n\t\t\t\t\t\t<!-- Logo Image -->\n\t\t\t\t\t\t<a href=\"https:\/\/www.mur.gov.it\/it\" target=\"_blank\" rel=\"noopener\"><img loading=\"lazy\" decoding=\"async\" width=\"500\" height=\"444\" src=\"https:\/\/prinpetals.scitec.cnr.it\/wp-content\/uploads\/2023\/03\/N-prin-500x444.jpg\" class=\"gs-logo--img no-lazy wp-post-image\" alt=\"MUR\" title=\"MUR\" \/><\/a>\t\t\t\t\t<\/div>\n\n\t\t\t\t\t<div class=\"gs_logo--details-area\">\n\t\t\t\t\t\t<!-- Logo Title -->\n\t\t\t\t\t\t\t\t\t\t\t\t<!-- Logo Category -->\n\t\t\t\t\t\t\t\t\t\t\t\t<!-- Logo Details -->\n\t\t\t\t\t\t\n<div class=\"gs-logo-details justify\"><p>Il Ministero dell&#8217;Universit\u00e0 e della Ricerca \u00e8 uno dei\u00a0 nostri Partners Il Ministero dell&#8217;Universit\u00e0 e della Ricerca \u00e8 uno dei\u00a0 nostri Partners Il Ministero dell&#8217;Universit\u00e0 e della Ricerca \u00e8 uno dei\u00a0 nostri Partners Il Ministero dell&#8217;Universit\u00e0 e della Ricerca \u00e8 uno dei\u00a0 nostri Partners Il Ministero dell&#8217;Universit\u00e0 e della Ricerca \u00e8 uno dei\u00a0 nostri Partners Il Ministero dell&#8217;Universit\u00e0 e della Ricerca \u00e8 uno dei\u00a0 nostri Partners Il Ministero dell&#8217;Universit\u00e0 e della Ricerca \u00e8 uno dei\u00a0 nostri Partners Il Ministero dell&#8217;Universit\u00e0 e della Ricerca \u00e8 uno dei\u00a0 nostri Partners Il Ministero dell&#8217;Universit\u00e0 e della Ricerca \u00e8 uno dei\u00a0 nostri Partners Il Ministero dell&#8217;Universit\u00e0 e della Ricerca \u00e8 uno dei\u00a0 nostri Partners Il Ministero dell&#8217;Universit\u00e0 e della Ricerca \u00e8 uno dei\u00a0 nostri Partners Il Ministero dell&#8217;Universit\u00e0 e della Ricerca \u00e8 uno dei\u00a0 nostri Partners. Cliccando sul logo si accede al sito, ma nessuno ci vieta di aggiungere il link anche qui: <a href=\"https:\/\/www.mur.gov.it\/it\" target=\"_blank\" rel=\"noopener\"><strong>https:\/\/www.mur.gov.it\/it<\/strong><\/a><\/p>\n<\/div>\t\t\t\t\t<\/div>\n\n\t\t\t\t<\/div>\n\t\t\t<\/div>\n\n\t\t\n\t\t\t<div class=\"gs_logo_single--wrapper\">\n\t\t\t\t<div class=\"gs_logo_single\">\n\t\t\t\t\t\n\t\t\t\t\t<div class=\"gs_logo--image-area\">\n\t\t\t\t\t\t<!-- Logo Image -->\n\t\t\t\t\t\t<a href=\"https:\/\/unige.it\/\" target=\"_blank\" rel=\"noopener\"><img loading=\"lazy\" decoding=\"async\" width=\"421\" height=\"372\" src=\"https:\/\/prinpetals.scitec.cnr.it\/wp-content\/uploads\/2023\/04\/unige.jpg\" class=\"gs-logo--img no-lazy wp-post-image\" alt=\"\" title=\"UNIGE\" srcset=\"https:\/\/prinpetals.scitec.cnr.it\/wp-content\/uploads\/2023\/04\/unige.jpg 421w, https:\/\/prinpetals.scitec.cnr.it\/wp-content\/uploads\/2023\/04\/unige-300x265.jpg 300w\" sizes=\"auto, (max-width: 421px) 100vw, 421px\" \/><\/a>\t\t\t\t\t<\/div>\n\n\t\t\t\t\t<div class=\"gs_logo--details-area\">\n\t\t\t\t\t\t<!-- Logo Title -->\n\t\t\t\t\t\t\t\t\t\t\t\t<!-- Logo Category -->\n\t\t\t\t\t\t\t\t\t\t\t\t<!-- Logo Details -->\n\t\t\t\t\t\t\n<div class=\"gs-logo-details justify\"><p>Descrizione Universit\u00e0 degli Studi di Genova Descrizione Universit\u00e0 degli Studi di Genova Descrizione Universit\u00e0 degli Studi di Genova Descrizione Universit\u00e0 degli Studi di Genova Descrizione Universit\u00e0 degli Studi di Genova. Descrizione Universit\u00e0 degli Studi di Genova Descrizione Universit\u00e0 degli Studi di Genova Descrizione Universit\u00e0 degli Studi di Genova Descrizione Universit\u00e0 degli Studi di Genova Descrizione Universit\u00e0 degli Studi di Genova.<\/p>\n<p>Descrizione Universit\u00e0 degli Studi di Genova Descrizione Universit\u00e0 degli Studi di Genova Descrizione Universit\u00e0 degli Studi di Genova Descrizione Universit\u00e0 degli Studi di Genova Descrizione Universit\u00e0 degli Studi di Genova. Descrizione Universit\u00e0 degli Studi di Genova Descrizione Universit\u00e0 degli Studi di Genova Descrizione Universit\u00e0 degli Studi di Genova Descrizione Universit\u00e0 degli Studi di Genova Descrizione Universit\u00e0 degli Studi di Genova.<\/p>\n<p>Cliccando sul logo si accede al sito, ma nessuno ci vieta di aggiungere il link anche qui:<a href=\"https:\/\/unige.it\/\" target=\"_blank\" rel=\"noopener\"><strong> https:\/\/unige.it\/<\/strong><\/a><\/p>\n<\/div>\t\t\t\t\t<\/div>\n\n\t\t\t\t<\/div>\n\t\t\t<\/div>\n\n\t\t\n\t\t\t<div class=\"gs_logo_single--wrapper\">\n\t\t\t\t<div class=\"gs_logo_single\">\n\t\t\t\t\t\n\t\t\t\t\t<div class=\"gs_logo--image-area\">\n\t\t\t\t\t\t<!-- Logo Image -->\n\t\t\t\t\t\t<a href=\"https:\/\/chimica.unige.it\/\" target=\"_blank\" rel=\"noopener\"><img loading=\"lazy\" decoding=\"async\" width=\"500\" height=\"500\" src=\"https:\/\/prinpetals.scitec.cnr.it\/wp-content\/uploads\/2023\/04\/logoDCCI-e1682081000160.gif\" class=\"gs-logo--img no-lazy wp-post-image\" alt=\"DCCI\" title=\"DCCI\" \/><\/a>\t\t\t\t\t<\/div>\n\n\t\t\t\t\t<div class=\"gs_logo--details-area\">\n\t\t\t\t\t\t<!-- Logo Title -->\n\t\t\t\t\t\t\t\t\t\t\t\t<!-- Logo Category -->\n\t\t\t\t\t\t\t\t\t\t\t\t<!-- Logo Details -->\n\t\t\t\t\t\t\n<div class=\"gs-logo-details justify\"><p>Testo descrittovo per il Dipartimento di Chimica e Chimica Industriale dell&#8217;Universit\u00e0 di Genova Testo descrittovo per il Dipartimento di Chimica e Chimica Industriale dell&#8217;Universit\u00e0 di Genova Testo descrittovo per il Dipartimento di Chimica e Chimica Industriale dell&#8217;Universit\u00e0 di Genova Testo descrittovo per il Dipartimento di Chimica e Chimica Industriale dell&#8217;Universit\u00e0 di Genova Testo descrittovo per il Dipartimento di Chimica e Chimica Industriale dell&#8217;Universit\u00e0 di Genova Testo descrittovo per il Dipartimento di Chimica e Chimica Industriale dell&#8217;Universit\u00e0 di Genova Testo descrittovo per il Dipartimento di Chimica e Chimica Industriale dell&#8217;Universit\u00e0 di Genova.<br \/>\nTesto descrittovo per il Dipartimento di Chimica e Chimica Industriale dell&#8217;Universit\u00e0 di Genova Testo descrittovo per il Dipartimento di Chimica e Chimica Industriale dell&#8217;Universit\u00e0 di Genova Testo descrittovo per il Dipartimento di Chimica e Chimica Industriale dell&#8217;Universit\u00e0 di Genova Testo descrittovo per il Dipartimento di Chimica e Chimica Industriale dell&#8217;Universit\u00e0 di Genova Testo descrittovo per il Dipartimento di Chimica e Chimica Industriale dell&#8217;Universit\u00e0 di Genova Testo descrittovo per il Dipartimento di Chimica e Chimica Industriale dell&#8217;Universit\u00e0 di Genova.<br \/>\nCliccando sul logo si accede al sito, ma nessuno ci vieta di aggiungere il link anche qui: <a href=\"https:\/\/chimica.unige.it\/\" target=\"_blank\" rel=\"noopener\">https:\/\/chimica.unige.it\/<\/a><\/p>\n<\/div>\t\t\t\t\t<\/div>\n\n\t\t\t\t<\/div>\n\t\t\t<\/div>\n\n\t\t\t\t\n\t\n<\/div>\t\t<\/div>\n\t<\/div>\n\n\t<\/p>\n<p>&nbsp;<\/p>\n<p style=\"text-align: center;\">\n","protected":false},"excerpt":{"rendered":"<p>Here you can find our partners &nbsp; &nbsp;<\/p>\n","protected":false},"author":1,"featured_media":0,"parent":0,"menu_order":0,"comment_status":"closed","ping_status":"closed","template":"","meta":{"footnotes":""},"class_list":["post-17","page","type-page","status-publish","czr-hentry"],"_links":{"self":[{"href":"https:\/\/prinpetals.scitec.cnr.it\/index.php\/wp-json\/wp\/v2\/pages\/17","targetHints":{"allow":["GET"]}}],"collection":[{"href":"https:\/\/prinpetals.scitec.cnr.it\/index.php\/wp-json\/wp\/v2\/pages"}],"about":[{"href":"https:\/\/prinpetals.scitec.cnr.it\/index.php\/wp-json\/wp\/v2\/types\/page"}],"author":[{"embeddable":true,"href":"https:\/\/prinpetals.scitec.cnr.it\/index.php\/wp-json\/wp\/v2\/users\/1"}],"replies":[{"embeddable":true,"href":"https:\/\/prinpetals.scitec.cnr.it\/index.php\/wp-json\/wp\/v2\/comments?post=17"}],"version-history":[{"count":0,"href":"https:\/\/prinpetals.scitec.cnr.it\/index.php\/wp-json\/wp\/v2\/pages\/17\/revisions"}],"wp:attachment":[{"href":"https:\/\/prinpetals.scitec.cnr.it\/index.php\/wp-json\/wp\/v2\/media?parent=17"}],"curies":[{"name":"wp","href":"https:\/\/api.w.org\/{rel}","templated":true}]}}